{"id":1781,"date":"2025-02-27T07:42:08","date_gmt":"2025-02-27T12:42:08","guid":{"rendered":"https:\/\/propulsetonentreprise.com\/staging\/?page_id=1781"},"modified":"2025-03-27T10:35:43","modified_gmt":"2025-03-27T14:35:43","slug":"about-us","status":"publish","type":"page","link":"https:\/\/propulsetonentreprise.com\/staging\/about-us\/","title":{"rendered":"About Us"},"content":{"rendered":"<h1 style=\"text-align: center;\">\u00e0 propos de nous<\/h1>\n<p><span><img decoding=\"async\" alt=\"\" data-id=\"1568\" width=\"52\" data-init-width=\"52\" height=\"52\" data-init-height=\"52\" title=\"Vector (3)\" src=\"https:\/\/propulsetonentreprise.com\/staging\/wp-content\/uploads\/2025\/02\/Vector-3.png\" data-width=\"52\" data-height=\"52\" style=\"aspect-ratio: auto 52 \/ 52;\" loading=\"lazy\"><\/span><\/p>\n<h1 style=\"text-align: center;\">R\u00e9sum\u00e9 Ex\u00e9cutif<\/h1>\n<p><span style=\"\"><img decoding=\"async\" alt=\"\" data-id=\"2046\" width=\"560\" data-init-width=\"640\" height=\"841\" data-init-height=\"960\" title=\"pexels-gustavo-fring-6285078\" src=\"https:\/\/propulsetonentreprise.com\/staging\/wp-content\/uploads\/2025\/03\/pexels-gustavo-fring-6285078.jpg\" data-width=\"560\" data-height=\"841\" style=\"aspect-ratio: auto 640 \/ 960;\" mt-d=\"0\" ml-d=\"0\" loading=\"lazy\"><\/span><\/p>\n<p style=\"\">ITR Capital est une soci\u00e9t\u00e9 d&#8217;investissement sp\u00e9cialis\u00e9e dans l&#8217;acquisition d&#8217;entreprises \u00e0 fort potentiel de croissance dont les actifs et les activit\u00e9s sont sous-\u00e9valu\u00e9s et sous-performants. Nos cibles d&#8217;acquisition sont des petites entreprises avec des revenus entre 500 000 $ et 2 500 000 $, dans les domaines de la sant\u00e9, la valorisation du patrimoine culturel, la s\u00e9curit\u00e9 \u00e9nerg\u00e9tique, la s\u00e9curit\u00e9 alimentaire, la s\u00e9curit\u00e9 financi\u00e8re et le d\u00e9veloppement du potentiel humain.<\/p>\n<p>Nous cr\u00e9ons de la propri\u00e9t\u00e9 intellectuelle, de la technologie et du capital relationnel (ITR) pour ces entreprises, qui peuvent prendre diff\u00e9rentes formes:<\/p>\n<ul>\n<li style=\"\"><!--! Font Awesome Free 6.7.1 by @fontawesome - https:\/\/fontawesome.com License - https:\/\/fontawesome.com\/license\/free (Icons: CC BY 4.0, Fonts: SIL OFL 1.1, Code: MIT License) Copyright 2024 Fonticons, Inc. --><span style=\"\">Marketing<\/span><\/li>\n<li style=\"\"><!--! Font Awesome Free 6.7.1 by @fontawesome - https:\/\/fontawesome.com License - https:\/\/fontawesome.com\/license\/free (Icons: CC BY 4.0, Fonts: SIL OFL 1.1, Code: MIT License) Copyright 2024 Fonticons, Inc. --><span style=\"\">Processus, proc\u00e9dures et politiques d&#8217;entreprise<\/span><\/li>\n<li style=\"\"><!--! Font Awesome Free 6.7.1 by @fontawesome - https:\/\/fontawesome.com License - https:\/\/fontawesome.com\/license\/free (Icons: CC BY 4.0, Fonts: SIL OFL 1.1, Code: MIT License) Copyright 2024 Fonticons, Inc. --><span style=\"\">Levier financier<\/span><\/li>\n<li style=\"\"><!--! Font Awesome Free 6.7.1 by @fontawesome - https:\/\/fontawesome.com License - https:\/\/fontawesome.com\/license\/free (Icons: CC BY 4.0, Fonts: SIL OFL 1.1, Code: MIT License) Copyright 2024 Fonticons, Inc. --><span style=\"\">Concepts d&#8217;affaires<\/span><\/li>\n<\/ul>\n<p style=\"\">Les revenus de l&#8217;entreprise prennent 5 formes:<\/p>\n<ul>\n<li style=\"\"><!--! Font Awesome Free 6.7.1 by @fontawesome - https:\/\/fontawesome.com License - https:\/\/fontawesome.com\/license\/free (Icons: CC BY 4.0, Fonts: SIL OFL 1.1, Code: MIT License) Copyright 2024 Fonticons, Inc. --><span style=\"\">Dividendes des surplus g\u00e9n\u00e9r\u00e9s par nos investissements.<\/span><\/li>\n<li style=\"\"><!--! Font Awesome Free 6.7.1 by @fontawesome - https:\/\/fontawesome.com License - https:\/\/fontawesome.com\/license\/free (Icons: CC BY 4.0, Fonts: SIL OFL 1.1, Code: MIT License) Copyright 2024 Fonticons, Inc. --><span style=\"\">Redevances sur la propri\u00e9t\u00e9 intellectuelle d\u00e9velopp\u00e9e.<\/span><\/li>\n<li style=\"\"><!--! Font Awesome Free 6.7.1 by @fontawesome - https:\/\/fontawesome.com License - https:\/\/fontawesome.com\/license\/free (Icons: CC BY 4.0, Fonts: SIL OFL 1.1, Code: MIT License) Copyright 2024 Fonticons, Inc. --><span style=\"\">Revenus de formation: Nous enseignons la m\u00e9thode des 9 leviers aux entrepreneurs ambitieux qui veulent acc\u00e9l\u00e9rer leur croissance et celle de leur entreprise.<\/span><\/li>\n<li style=\"\"><!--! Font Awesome Free 6.7.1 by @fontawesome - https:\/\/fontawesome.com License - https:\/\/fontawesome.com\/license\/free (Icons: CC BY 4.0, Fonts: SIL OFL 1.1, Code: MIT License) Copyright 2024 Fonticons, Inc. --><span style=\"\">Plus-values g\u00e9n\u00e9r\u00e9es par la vente de propri\u00e9t\u00e9 intellectuelle d\u00e9velopp\u00e9e pour nos acquisitions.<\/span><\/li>\n<li style=\"\"><!--! Font Awesome Free 6.7.1 by @fontawesome - https:\/\/fontawesome.com License - https:\/\/fontawesome.com\/license\/free (Icons: CC BY 4.0, Fonts: SIL OFL 1.1, Code: MIT License) Copyright 2024 Fonticons, Inc. --><span style=\"\">Revenus de gestion de fonds d&#8217;investissement.<\/span><\/li>\n<\/ul>\n<h1 style=\"\">Cibles<\/h1>\n<ul>\n<li style=\"\"><span style=\"\">Propri\u00e9taires de petites entreprises rentables cherchant \u00e0 sortir (55 ans et plus)<\/span><\/li>\n<li style=\"\"><span style=\"\">Propri\u00e9taires de petites entreprises cherchant un partenaire actif qui apporte de la valeur \u00e0 l&#8217;entreprise (25-55 ans)<\/span><\/li>\n<li style=\"\"><span style=\"\">Propri\u00e9taires de petites entreprises qui veulent d\u00e9velopper leurs comp\u00e9tences en marketing, strat\u00e9gies technologiques et financi\u00e8res (Tous \u00e2ges)<\/span><\/li>\n<li><span>Investisseurs disposant de budgets d&#8217;investissement discr\u00e9tionnaires \u00e0 haut risque avec un potentiel de hausse important<\/span><\/li>\n<\/ul>\n<p style=\"\">La couverture s&#8217;\u00e9tend \u00e0 travers les r\u00e9gions francophones internationales, nationales et locales.<\/p>\n<h1 style=\"text-align: center;\">\u00c9quipe de Direction<\/h1>\n<p style=\"text-align: center;\">Ma\u00eft\u00e9 allie formation acad\u00e9mique en anthropologie\/arch\u00e9ologie et exp\u00e9rience pratique en gestion d&#8217;entreprise. Cette double expertise lui permet d&#8217;appliquer une perspective anthropologique unique aux d\u00e9fis commerciaux. Son parcours professionnel touche \u00e0 de nombreux secteurs (restauration, h\u00f4tellerie, cosm\u00e9tiques, mode, arts, divertissement,construction) M\u00e8re de trois enfants, elle s&#8217;investit personnellement dans des pratiques de d\u00e9veloppement durable comme la permaculture et l&#8217;aquaculture. Cette combinaison d&#8217;expertise lui conf\u00e8re une capacit\u00e9 exceptionnelle \u00e0 comprendre et influencer les comportements humains dans divers contextes professionnels.<\/p>\n<p style=\"text-align: center;\">Pr\u00e9sidente<\/p>\n<h6 style=\"text-align: center;\"><span dir=\"ltr\">Ma\u00eft\u00e9<\/span><span dir=\"ltr\"> <\/span><span dir=\"ltr\">La<\/span><span dir=\"ltr\"> <\/span><span dir=\"ltr\">Rosa<\/span><\/h6>\n<p style=\"text-align: center;\">Pionnier du marketing internet depuis 1995, Didier est un strat\u00e8ge form\u00e9 en philosophie et instruit par des l\u00e9gendes du marketing tel que Jay Abraham, Gary Halbert et Dan Kennedy. Sa newsletter de 1996 a rapidement attir\u00e9 25 000 lecteurs, \u00e9tablissant sa r\u00e9putation dans le domaine. Entrepreneur \u00e0 succ\u00e8s, il a cofond\u00e9 plusieurs entreprises prosp\u00e8res dont le CIROI qui a d\u00e9velopp\u00e9 des m\u00e9thodes de prospection par email atteignant 42% de conversion. Sa M\u00e9thode de Levier Signature, d\u00e9velopp\u00e9e sur 25 ans, a aid\u00e9 des centaines d&#8217;entrepreneurs \u00e0 travers le monde. Depuis 2002, il s&#8217;est particuli\u00e8rement consacr\u00e9 \u00e0 apporter ses m\u00e9thodologies aux march\u00e9s francophones. Auteur publi\u00e9 contribuant \u00e0 la recherche m\u00e9dicale, il cultive \u00e9galement des passions tel les \u00e9checs et le cyclisme. Son approche ax\u00e9e sur les r\u00e9sultats et sa compr\u00e9hension approfondie du marketing num\u00e9rique font de lui une r\u00e9f\u00e9rence respect\u00e9e tant dans les communaut\u00e9s d&#8217;affaires francophones d&#8217;anglophones.<\/p>\n<p style=\"text-align: center;\">Strat\u00e8ge<\/p>\n<h6 style=\"text-align: center;\"><span dir=\"ltr\"><span dir=\"ltr\">Didier<\/span><span dir=\"ltr\"> <\/span><span dir=\"ltr\">Bonneville-Roussy<\/span><\/span><\/h6>\n<p style=\"text-align: center;\">Lionel allie une formation d&#8217;ing\u00e9nieur en g\u00e9nie oc\u00e9anique avec une expertise pointue en blockchain et d\u00e9veloppement web. Ce bagage technique unique lui apporte une rigueur d&#8217;ing\u00e9nierie dans l&#8217;innovation num\u00e9rique. D\u00e9veloppeur Full Stack et entrepreneur, il a cr\u00e9\u00e9 et g\u00e9r\u00e9 des plateformes de marketing web pour entrepreneurs pendant plus de 15 ans. Pionnier des technologies blockchain, il poursuit des recherches appliqu\u00e9es tout en maintenant un portefeuille d&#8217;investissement dans ce domaine. Son approche se situe \u00e0 l&#8217;intersection des besoins commerciaux, des r\u00e9seaux de confiance et des cadres juridiques. Sa vision d\u00e9passe la simple technologie &#8211; il d\u00e9veloppe des outils qui am\u00e9liorent les op\u00e9rations commerciales tout en contribuant \u00e0 l&#8217;avancement soci\u00e9tal. Parmi ses r\u00e9alisations figurent la programmation de Cybermailing, le d\u00e9veloppement d&#8217;E-G\u00e9n\u00e8se France et la cr\u00e9ation d&#8217;ID Fisc.<\/p>\n<p style=\"text-align: center;\"><span dir=\"ltr\">Conseiller<\/span><span dir=\"ltr\"> <\/span><span dir=\"ltr\">technologique<\/span><\/p>\n<h6 style=\"text-align: center;\"><span dir=\"ltr\"><span dir=\"ltr\">Lionel<\/span><span dir=\"ltr\"> <\/span><span dir=\"ltr\">Palazzi<\/span><\/span><\/h6>\n<h4>Conseillers principaux: <strong><span style=\"font-size: 20px !important;\">Conseiller technologique<\/span><\/strong><\/h4>\n<p>Le noyau principal d&#8217;ITR Capital Inc. est renforc\u00e9 par cinq experts internationaux de premier plan:<\/p>\n<ul>\n<li style=\"\"><!--! Font Awesome Free 6.7.1 by @fontawesome - https:\/\/fontawesome.com License - https:\/\/fontawesome.com\/license\/free (Icons: CC BY 4.0, Fonts: SIL OFL 1.1, Code: MIT License) Copyright 2024 Fonticons, Inc. --><span style=\"\">Un comptable professionnel agr\u00e9\u00e9 ayant g\u00e9r\u00e9 des contrats multimilliardaires<\/span><\/li>\n<li style=\"\"><!--! Font Awesome Free 6.7.1 by @fontawesome - https:\/\/fontawesome.com License - https:\/\/fontawesome.com\/license\/free (Icons: CC BY 4.0, Fonts: SIL OFL 1.1, Code: MIT License) Copyright 2024 Fonticons, Inc. --><span style=\"\">Un avocat titulaire d&#8217;un MBA avec une exp\u00e9rience de n\u00e9gociation \u00e0 l&#8217;\u00e9chelle des milliards<\/span><\/li>\n<li style=\"\"><!--! Font Awesome Free 6.7.1 by @fontawesome - https:\/\/fontawesome.com License - https:\/\/fontawesome.com\/license\/free (Icons: CC BY 4.0, Fonts: SIL OFL 1.1, Code: MIT License) Copyright 2024 Fonticons, Inc. --><span style=\"\">Deux experts en marketing digital et conf\u00e9renciers reconnus, dont l&#8217;un est \u00e9galement hypnoth\u00e9rapeute certifi\u00e9<\/span><\/li>\n<li style=\"\"><!--! Font Awesome Free 6.7.1 by @fontawesome - https:\/\/fontawesome.com License - https:\/\/fontawesome.com\/license\/free (Icons: CC BY 4.0, Fonts: SIL OFL 1.1, Code: MIT License) Copyright 2024 Fonticons, Inc. --><span style=\"\">Un sp\u00e9cialiste chevronn\u00e9 en communications publiques et relations strat\u00e9giques<\/span><\/li>\n<\/ul>\n","protected":false},"excerpt":{"rendered":"<p>\u00e0 propos de nous R\u00e9sum\u00e9 Ex\u00e9cutif ITR Capital est une soci\u00e9t\u00e9 d&#8217;investissement sp\u00e9cialis\u00e9e dans l&#8217;acquisition d&#8217;entreprises \u00e0 fort potentiel de croissance dont les actifs et les activit\u00e9s sont sous-\u00e9valu\u00e9s et sous-performants. Nos cibles d&#8217;acquisition sont des petites entreprises avec des revenus entre 500 000 $ et 2 500 000 $, dans les domaines de la [&hellip;]<\/p>\n","protected":false},"author":25,"featured_media":0,"parent":0,"menu_order":0,"comment_status":"closed","ping_status":"closed","template":"","meta":{"footnotes":""},"class_list":["post-1781","page","type-page","status-publish","hentry","post-wrapper","thrv_wrapper"],"_links":{"self":[{"href":"https:\/\/propulsetonentreprise.com\/staging\/wp-json\/wp\/v2\/pages\/1781","targetHints":{"allow":["GET"]}}],"collection":[{"href":"https:\/\/propulsetonentreprise.com\/staging\/wp-json\/wp\/v2\/pages"}],"about":[{"href":"https:\/\/propulsetonentreprise.com\/staging\/wp-json\/wp\/v2\/types\/page"}],"author":[{"embeddable":true,"href":"https:\/\/propulsetonentreprise.com\/staging\/wp-json\/wp\/v2\/users\/25"}],"replies":[{"embeddable":true,"href":"https:\/\/propulsetonentreprise.com\/staging\/wp-json\/wp\/v2\/comments?post=1781"}],"version-history":[{"count":62,"href":"https:\/\/propulsetonentreprise.com\/staging\/wp-json\/wp\/v2\/pages\/1781\/revisions"}],"predecessor-version":[{"id":2539,"href":"https:\/\/propulsetonentreprise.com\/staging\/wp-json\/wp\/v2\/pages\/1781\/revisions\/2539"}],"wp:attachment":[{"href":"https:\/\/propulsetonentreprise.com\/staging\/wp-json\/wp\/v2\/media?parent=1781"}],"curies":[{"name":"wp","href":"https:\/\/api.w.org\/{rel}","templated":true}]}}