{"id":232,"date":"2022-05-09T14:55:48","date_gmt":"2022-05-09T14:55:48","guid":{"rendered":"https:\/\/propulsetonentreprise.com\/staging\/?page_id=232"},"modified":"2025-03-24T10:03:39","modified_gmt":"2025-03-24T14:03:39","slug":"tos","status":"publish","type":"page","link":"https:\/\/propulsetonentreprise.com\/staging\/tos\/","title":{"rendered":"Conditions d&#8217;utilisation"},"content":{"rendered":"<h1 style=\"text-align: center;\">Conditions d&#8217;utilisation : Propulse ton entreprise<\/h1>\n<p><span><img decoding=\"async\" alt=\"\" data-id=\"1568\" width=\"52\" data-init-width=\"52\" height=\"52\" data-init-height=\"52\" title=\"Vector (3)\" src=\"https:\/\/propulsetonentreprise.com\/staging\/wp-content\/uploads\/2025\/02\/Vector-3.png\" data-width=\"52\" data-height=\"52\" style=\"aspect-ratio: auto 52 \/ 52;\" loading=\"lazy\"><\/span><\/p>\n<h4 style=\"\">Conditions d\u2019utilisation de Propulsetonentreprise.com<\/h4>\n<h2 style=\"\">Identification des parties :<\/h2>\n<p>ITR Capital Inc., une entreprise canadienne ayant son si\u00e8ge social au 7414 Berri, montr\u00e9al ,QC, Canada, H2R 2G5, propri\u00e9taire et gestionnaire des sites www.propulsetonentreprise.comLe CLIENT, personne morale ou physique mentionn\u00e9e dans le formulaire de commande.L\u2019achat sur propulsetonentreprise.com, donne acc\u00e8s au produit achet\u00e9 dans l\u2019espace de formation.<\/p>\n<h2 style=\"\">Garantie:<\/h2>\n<p>Tout achat sur propulsetonentreprise.com est assorti d\u2019un d\u00e9lai de r\u00e9traction de 10 jours suite \u00e0 la transaction et une garantie satisfait ou rembours\u00e9 d\u2019une dur\u00e9e variable selon l\u2019offre et le produit achet\u00e9.<\/p>\n<h2 style=\"\">Limitation:<\/h2>\n<p>Les information fournies sur ce site et dans les produits qui y sont offert est diffus\u00e9 \u00e0 titre informatif et \u00e9ducatif. Aucune garantie de performance y est assortie. Les r\u00e9sultats des t\u00e9moignages ne peuvent pas \u00eatre consid\u00e9r\u00e9 comme r\u00e9sultats typiques. Sont sont les r\u00e9sultats d\u2019entrepreneurs tri\u00e9s et d\u2019entreprises tri\u00e9es pour leur haut potentiel.<\/p>\n<\/p>\n<p>Ces information ne sont pas des avis l\u00e9gaux. Assurez vous de consulter les professionnels appropri\u00e9s\u00e9<\/p>\n<h2 style=\"\">Propri\u00e9t\u00e9 commerciale et intellectuelle:<\/h2>\n<p style=\"\"><span style=\"--tcb-applied-color: var$(--tcb-color-10) !important; color: var(--tcb-color-10) !important;\">Tout le mat\u00e9riel<\/span> : Code HTML, technologie, mode de fonctionnement, mat\u00e9riel marketing sont propri\u00e9t\u00e9 de du prestataire.LE CLIENT s\u2019engage \u00e0 ne pas d\u00e9voiler, vendre, diffuser ou permettre la diffusion de quelque mani\u00e8re que ce soit la propri\u00e9t\u00e9 intellectuelle et commerciale du prestataires, sauf en cas d\u2019autorisation expresse du prestataire.Le prestataire s\u2019engage \u00e0 ne jamais diffuser, vendre ou louer \u00e0 des tiers, la taille des fichiers, les statistiques de compte, les statistiques des e-mail, les r\u00e9sultats de campagnes, le contenu des e-mails ainsi que les noms et les adresses e-mails des ABONN\u00c9S du CLIENT ou toutes autres informations obtenus par ce dernier dans le c\u00e2dre de ce service.<\/p>\n<h2 style=\"\">Terminaison:<\/h2>\n<p>Le pr\u00e9sent contrat peut se terminer unilat\u00e9ralement par ITR Capital INC s\u2019il peut d\u00e9montrer que les termes de ce contrat n\u2019ont pas \u00e9t\u00e9s respect\u00e9s. Le Client peut terminer son contrat en tout temps sur simple demande.<\/p>\n<h2 style=\"\">S\u00e9curit\u00e9 des donn\u00e9es:<\/h2>\n<p>Le prestataire s\u2019engage \u00e0 adopter les mesures qu\u2019il juge n\u00e9c\u00e9ssaires et suffisantes pour prot\u00e9ger et sauvegarder les donn\u00e9es du client.<\/p>\n<h2 style=\"\">Autres dispositions<\/h2>\n<p>ITR Capital Inc. se r\u00e9serve le droit de modifier \u00e0 tout moment les conditions de ce contrat en avisant par e-mail ses clients.<\/p>\n<h2 style=\"\">Loi en vigueur :<\/h2>\n<p>Le pr\u00e9sent contrat est r\u00e9git par les lois de la province de Qu\u00e9bec.<\/p>\n","protected":false},"excerpt":{"rendered":"<p>Conditions d&#8217;utilisation : Propulse ton entreprise Conditions d\u2019utilisation de Propulsetonentreprise.com Identification des parties : ITR Capital Inc., une entreprise canadienne ayant son si\u00e8ge social au 7414 Berri, montr\u00e9al ,QC, Canada, H2R 2G5, propri\u00e9taire et gestionnaire des sites www.propulsetonentreprise.comLe CLIENT, personne morale ou physique mentionn\u00e9e dans le formulaire de commande.L\u2019achat sur propulsetonentreprise.com, donne acc\u00e8s au produit [&hellip;]<\/p>\n","protected":false},"author":1,"featured_media":0,"parent":0,"menu_order":0,"comment_status":"closed","ping_status":"open","template":"","meta":{"footnotes":"","tve_updated_post":"","tve_custom_css":"","tve_user_custom_css":"","tve_globals":{},"tcb2_ready":1,"tcb_editor_enabled":1,"tve_landing_page":"a2b45a063facdc23177734c5eedce762","_tve_header":"80","_tve_footer":"39"},"class_list":["post-232","page","type-page","status-publish","hentry","post-wrapper","thrv_wrapper"],"_links":{"self":[{"href":"https:\/\/propulsetonentreprise.com\/staging\/wp-json\/wp\/v2\/pages\/232","targetHints":{"allow":["GET"]}}],"collection":[{"href":"https:\/\/propulsetonentreprise.com\/staging\/wp-json\/wp\/v2\/pages"}],"about":[{"href":"https:\/\/propulsetonentreprise.com\/staging\/wp-json\/wp\/v2\/types\/page"}],"author":[{"embeddable":true,"href":"https:\/\/propulsetonentreprise.com\/staging\/wp-json\/wp\/v2\/users\/1"}],"replies":[{"embeddable":true,"href":"https:\/\/propulsetonentreprise.com\/staging\/wp-json\/wp\/v2\/comments?post=232"}],"version-history":[{"count":10,"href":"https:\/\/propulsetonentreprise.com\/staging\/wp-json\/wp\/v2\/pages\/232\/revisions"}],"predecessor-version":[{"id":2337,"href":"https:\/\/propulsetonentreprise.com\/staging\/wp-json\/wp\/v2\/pages\/232\/revisions\/2337"}],"wp:attachment":[{"href":"https:\/\/propulsetonentreprise.com\/staging\/wp-json\/wp\/v2\/media?parent=232"}],"curies":[{"name":"wp","href":"https:\/\/api.w.org\/{rel}","templated":true}]}}