{"id":3,"date":"2021-12-15T14:49:12","date_gmt":"2021-12-15T14:49:12","guid":{"rendered":"https:\/\/propulsetonentreprise.com\/staging\/?page_id=3"},"modified":"2025-03-24T10:02:10","modified_gmt":"2025-03-24T14:02:10","slug":"privacy-policy","status":"publish","type":"page","link":"https:\/\/propulsetonentreprise.com\/staging\/privacy-policy\/","title":{"rendered":"Politique de vie priv\u00e9e et RGPD"},"content":{"rendered":"<h1 style=\"text-align: center;\">politique de confidentialit\u00e9<\/h1>\n<p><span><img decoding=\"async\" alt=\"\" data-id=\"1568\" width=\"52\" data-init-width=\"52\" height=\"52\" data-init-height=\"52\" title=\"Vector (3)\" loading=\"lazy\" src=\"https:\/\/propulsetonentreprise.com\/staging\/wp-content\/uploads\/2025\/02\/Vector-3.png\" data-width=\"52\" data-height=\"52\" style=\"aspect-ratio: auto 52 \/ 52;\"><\/span><\/p>\n<h4 style=\"\">ITR capital Inc.<\/h4>\n<p>Devant le d\u00e9veloppement des nouveaux outils de communication, il est n\u00e9cessaire de porter une attention particuli\u00e8re \u00e0 la protection de la vie priv\u00e9e. C\u2019est pourquoi, nous nous engageons \u00e0 respecter la confidentialit\u00e9 des renseignements personnels que nous collectons.<\/p>\n<h2 style=\"\">Responsable de Traitement<\/h2>\n<p>Responsable du traitement: Cybermailing Inc 7414 Berri, Montr\u00e9al H2R 2G5 Canada Info@cybermailing.com<\/p>\n<h2 style=\"\">Repr\u00e9sentant au sein de l\u2019UE<\/h2>\n<p>Repr\u00e9sentant: E-Gen\u00e8se France SARL 002 Les Antilles 83250 La Londe les Maures R\u00e9sidence de l\u2019Argenti\u00e8re RCS Toulon 500870225 info@idfisc.com<\/p>\n<h2 style=\"\">D\u00e9l\u00e9gu\u00e9 \u00e0 la Protection des Donn\u00e9es<\/h2>\n<p>D\u00e9l\u00e9gu\u00e9 \u00e0 la protection des donn\u00e9es: Lionel Palazzi Les Emeraudes 83420 La Croix Valmer palazzi@gmail.com<\/p>\n<h2 style=\"\">Collecte des renseignements personnels<\/h2>\n<p>Nous collectons les renseignements suivants :<\/p>\n<ul>\n<li><span style=\"font-family: &quot;Inter Tight&quot;; font-weight: 400;\">Nom<\/span><\/li>\n<li><span style=\"font-weight: 400;\"><span style=\"font-family: 'Inter Tight';\">Pr\u00e9nom<\/span><\/span><\/li>\n<li><span style=\"font-weight: 400;\"><span style=\"font-family: 'Inter Tight';\">Adresse \u00e9lectronique<\/span><\/span><\/li>\n<li><span style=\"font-weight: 400;\"><span style=\"font-family: 'Inter Tight';\">Profilage comportemental sur les ouvertures et les clics de mail<\/span><\/span><\/li>\n<li><span style=\"font-weight: 400;\"><span style=\"font-family: 'Inter Tight';\">URL d\u2019inscription<\/span><\/span><\/li>\n<li><span style=\"font-weight: 400;\"><span style=\"font-family: 'Inter Tight';\">Adresse IP de l\u2019abonn\u00e9<\/span><\/span><\/li>\n<li><span style=\"font-family: &quot;Inter Tight&quot;; font-weight: 400;\">Int\u00e9r\u00eats<\/span><\/li>\n<\/ul>\n<p>Les renseignements personnels que nous collectons sont recueillis au travers de formulaires et gr\u00e2ce \u00e0 l\u2019interactivit\u00e9 \u00e9tablie entre vous et notre site Web. Nous utilisons \u00e9galement des fichiers t\u00e9moins et\/ou journaux pour r\u00e9unir des informations vous concernant.<\/p>\n<h2 style=\"\">Finalit\u00e9s du traitement<\/h2>\n<p>Nous utilisons les renseignements ainsi collect\u00e9s pour les finalit\u00e9s suivantes<\/p>\n<ul>\n<li>Informations \/ Offres promotionnelles<\/li>\n<li>Service client<\/li>\n<li>Mise \u00e0 jour produits<\/li>\n<li>Statistiques<\/li>\n<li>Contact<\/li>\n<li>Gestion du site Web (pr\u00e9sentation, organisation)<\/li>\n<li>Respect des lois fiscales<\/li>\n<\/ul>\n<h2 style=\"\">Sous-traitants situ\u00e9s dans l\u2019UE<\/h2>\n<ul>\n<li>&nbsp;DONNEES Host Europe GmbH (server4you.net \/ serverloft.com) (H\u00e9bergement principal)<\/li>\n<\/ul>\n<ul>\n<li>e-Gen\u00e8se France (sauvegardes + maintenance &amp; development)<\/li>\n<\/ul>\n<h2 style=\"\">Sous-traitants situ\u00e9s \u00e0 l\u2019exterieur de l\u2019UE<\/h2>\n<ul>\n<li>Cybermailing (7414 Berri, Montr\u00e9al, H2R 2G5, Canada, https:\/\/cybermailing.com). Le Canada est un pays offrant un niveau de protection des donn\u00e9e \u00e9quivalent \u00e0 l\u2019union europ\u00e9enne.<\/li>\n<li>Facebook inc, \u00c9tats-Unis (Privacy Shield)<\/li>\n<li>Nous sous-traitons certaines donn\u00e9es li\u00e9e \u00e0 la navigation sur le site \u00e0 des fin promotionnelle et de reciblage sur le r\u00e9seau Facebook.<\/li>\n<li>Yahoo inc, \u00c9tats-Unis (Privacy Shield)<\/li>\n<li>Nous sous-traitons certaines donn\u00e9es li\u00e9e \u00e0 la navigation sur le site \u00e0 des fin promotionnelle et de reciblage sur le r\u00e9seau Yahoo!<\/li>\n<li>Digital Ocean,\u00c9tats-Unis (Privacy Shield)<\/li>\n<li>Nous h\u00e9bergeons certaines donn\u00e9es personnelles \u00e0 fin de traitement sur des serveurs appartenant \u00e0 Digital Ocean.<\/li>\n<li>CloudFlare, \u00c9tats-Unis (Privacy Shield)<\/li>\n<li>(gestion DNS, trafic statique, r\u00e9activit\u00e9 pour protection contre attaque DOS)<\/li>\n<li>RACKSPACE , \u00c9tats-Unis (Privacy Shield)<\/li>\n<li>https:\/\/www.rackspace.com\/ (reste 3 serveurs mail PRO..)<\/li>\n<\/ul>\n<h2>Dur\u00e9es de conservation des donn\u00e9es<\/h2>\n<ul>\n<li>La dur\u00e9e de conservation des donn\u00e9es personnelles dont la finalit\u00e9 est l\u2019information et le relai d\u2019offres commerciales est de 12 mois suivant la derni\u00e8re interaction avec le site et les emails (ouverture ou clic).<\/li>\n<li>Les donn\u00e9es sur les clients sont conserv\u00e9es tout au long de la dur\u00e9e de l\u2019exercice du contrat d\u2019utilisation.<\/li>\n<li>Les donn\u00e9es sur les transactions sont conserv\u00e9es pour une dur\u00e9e de 10 ans suivant la date de la derni\u00e8re transaction.<\/li>\n<\/ul>\n<h2>Vos Droits<\/h2>\n<ul>\n<li>Nous nous engageons \u00e0 vous offrir un droit d\u2019<em>acc\u00e8s<\/em>&nbsp;et de&nbsp;<em>portabilit\u00e9<\/em>&nbsp;ainsi que d\u2019<em>opposition<\/em>, de&nbsp;<em>limitation<\/em>, et d\u2019<em>effacement<\/em> quant \u00e0 vos renseignements personnels.<\/li>\n<li>Le droit d\u2019<em>acc\u00e8s<\/em> s\u2019entend comme la possibilit\u00e9 de savoir si nous d\u00e9tenons des donn\u00e9es sur vous, et le cas \u00e9ch\u00e9ant, le contenu de ces donn\u00e9es et les finalit\u00e9s associ\u00e9es, vous sont communiqu\u00e9es.<\/li>\n<li>Le droit de&nbsp;<em>portabilit\u00e9<\/em> s\u2019entend comme la possibilit\u00e9 d\u2019obtenir les donn\u00e9es vous concernant dans un format informatique fr\u00e9quement utils\u00e9 (json,csv) ainsi que le droit de transf\u00e9rer ces donn\u00e9es \u00e0 un tiers.<\/li>\n<li>Le droit d\u2019<em>opposition<\/em> s\u2019entend comme la possibilit\u00e9 de refuser que vos renseignements personnels soient utilis\u00e9s \u00e0 certaines fins mentionn\u00e9es lors de la collecte.<\/li>\n<li>Le droit de&nbsp;<em>limitation<\/em> s\u2019entend comme des options de restriction vis \u00e0 vis du traitement automatique des donn\u00e9s que vous nous avez transmises.<\/li>\n<li>Le droit d\u2019<em>effacement<\/em> s\u2019entend comme la possibilit\u00e9 de demander \u00e0 ce que vos renseignements personnels ne figurent plus, par exemple, dans une liste de diffusion.<\/li>\n<\/ul>\n<h2>Droit de recours<\/h2>\n<ul>\n<li>Les citoyens europ\u00e9ens peuvent exercer un recours aupr\u00e8s de l\u2019autorit\u00e9 de contr\u00f4le. Contacter la&nbsp;<a href=\"https:\/\/cnil.fr\/\">CNIL<\/a>.<\/li>\n<li>L\u00e9gislation Nous nous engageons \u00e0 respecter les dispositions l\u00e9gislatives \u00e9nonc\u00e9es au Canada et \u00eatre conforme au r\u00e9glement europ\u00e9ens sur la protection des donn\u00e9es.<\/li>\n<\/ul>\n","protected":false},"excerpt":{"rendered":"<p>politique de confidentialit\u00e9 ITR capital Inc. Devant le d\u00e9veloppement des nouveaux outils de communication, il est n\u00e9cessaire de porter une attention particuli\u00e8re \u00e0 la protection de la vie priv\u00e9e. C\u2019est pourquoi, nous nous engageons \u00e0 respecter la confidentialit\u00e9 des renseignements personnels que nous collectons. Responsable de Traitement Responsable du traitement: Cybermailing Inc 7414 Berri, Montr\u00e9al [&hellip;]<\/p>\n","protected":false},"author":1,"featured_media":0,"parent":0,"menu_order":0,"comment_status":"closed","ping_status":"open","template":"","meta":{"footnotes":""},"class_list":["post-3","page","type-page","status-publish","hentry","post-wrapper","thrv_wrapper"],"_links":{"self":[{"href":"https:\/\/propulsetonentreprise.com\/staging\/wp-json\/wp\/v2\/pages\/3","targetHints":{"allow":["GET"]}}],"collection":[{"href":"https:\/\/propulsetonentreprise.com\/staging\/wp-json\/wp\/v2\/pages"}],"about":[{"href":"https:\/\/propulsetonentreprise.com\/staging\/wp-json\/wp\/v2\/types\/page"}],"author":[{"embeddable":true,"href":"https:\/\/propulsetonentreprise.com\/staging\/wp-json\/wp\/v2\/users\/1"}],"replies":[{"embeddable":true,"href":"https:\/\/propulsetonentreprise.com\/staging\/wp-json\/wp\/v2\/comments?post=3"}],"version-history":[{"count":8,"href":"https:\/\/propulsetonentreprise.com\/staging\/wp-json\/wp\/v2\/pages\/3\/revisions"}],"predecessor-version":[{"id":2336,"href":"https:\/\/propulsetonentreprise.com\/staging\/wp-json\/wp\/v2\/pages\/3\/revisions\/2336"}],"wp:attachment":[{"href":"https:\/\/propulsetonentreprise.com\/staging\/wp-json\/wp\/v2\/media?parent=3"}],"curies":[{"name":"wp","href":"https:\/\/api.w.org\/{rel}","templated":true}]}}