{"id":678,"date":"2023-11-17T15:42:08","date_gmt":"2023-11-17T15:42:08","guid":{"rendered":"https:\/\/propulsetonentreprise.com\/staging\/?page_id=678"},"modified":"2025-03-27T09:43:56","modified_gmt":"2025-03-27T13:43:56","slug":"partenaire-de-croissance","status":"publish","type":"page","link":"https:\/\/propulsetonentreprise.com\/staging\/partenaire-de-croissance\/","title":{"rendered":"Partenaire de croissance"},"content":{"rendered":"<h1 style=\"text-align: center;\">Partenaire de croissance<\/h1>\n<p><span><img decoding=\"async\" alt=\"\" data-id=\"1568\" width=\"52\" data-init-width=\"52\" height=\"52\" data-init-height=\"52\" title=\"Vector (3)\" src=\"https:\/\/propulsetonentreprise.com\/staging\/wp-content\/uploads\/2025\/02\/Vector-3.png\" data-width=\"52\" data-height=\"52\" style=\"aspect-ratio: auto 52 \/ 52;\" loading=\"lazy\"><\/span><\/p>\n<h1 style=\"\">Nos services en bref<\/h1>\n<p style=\"\">La philosophie d\u2019investissement d\u2019ITR Capital se fonde sur une id\u00e9e toute simple. Celle que l\u2019humain, les id\u00e9es et l\u2019entreprise ont g\u00e9n\u00e9ralement tout ce dont ils ont besoin pour cro\u00eetre sans apport financier ext\u00e9rieur. Nous investissons dans 3 choses:<\/p>\n<h3 style=\"text-align: center;\">\u00e9quipe<\/h3>\n<p style=\"text-align: center;\">Une \u00e9quipe de direction d\u00e9vou\u00e9e, comp\u00e9tente et align\u00e9e, compos\u00e9e de leaders engag\u00e9s travaillant vers un objectif commun.<\/p>\n<p><!--! Font Awesome Free 6.7.1 by @fontawesome - https:\/\/fontawesome.com License - https:\/\/fontawesome.com\/license\/free (Icons: CC BY 4.0, Fonts: SIL OFL 1.1, Code: MIT License) Copyright 2024 Fonticons, Inc. --><\/p>\n<h3 style=\"text-align: center;\">Projet&nbsp;<\/h3>\n<p style=\"text-align: center;\">Un projet b\u00e9n\u00e9fique pour l\u2019humain, qui alimente son autonomie, son pouvoir, son influence, sur lui-m\u00eame et les autres.<\/p>\n<p><!--! Font Awesome Free 6.7.1 by @fontawesome - https:\/\/fontawesome.com License - https:\/\/fontawesome.com\/license\/free (Icons: CC BY 4.0, Fonts: SIL OFL 1.1, Code: MIT License) Copyright 2024 Fonticons, Inc. --><\/p>\n<h3 style=\"text-align: center;\">Entreprise<\/h3>\n<p style=\"text-align: center;\">Une entreprise viable \u00e9conomiquement.<\/p>\n<p><em><strong>Les trois conditions sont n\u00e9cessaires.<\/strong><\/em><\/p>\n<h1 style=\"\">Les trois conditions sont n\u00e9cessaires.<\/h1>\n<ul>\n<li style=\"\"><span style=\"\">En aidant l\u2019entrepreneur et son \u00e9quipe \u00e0 cro\u00eetre.<\/span><\/li>\n<li style=\"\"><span style=\"\">En optimisant les processus actuels de l\u2019entreprise.<\/span><\/li>\n<li style=\"\"><span style=\"\">En d\u00e9veloppant les leviers qui permettent \u00e0 l\u2019entreprise de tirer plus de l\u2019ensemble de ses activit\u00e9s. Ces leviers prennent la forme de propri\u00e9t\u00e9 intellectuelle, de technologie et de relations.<\/span><\/li>\n<\/ul>\n<p style=\"\">Nous offrons ainsi aux entrepreneurs une approche qui lui permet de tirer plus de chaque ressource qu\u2019il investi dans l\u2019entreprise. De tirer plus de chacun des processus de l\u2019entreprise. Et de d\u00e9velopper les leviers qui lui permettront de cro\u00eetre \u00e0 long terme.<\/p>\n<h1 style=\"text-align: left;\">Comment fonctionnez-vous?<\/h1>\n<p><span><img decoding=\"async\" alt=\"\" data-id=\"1615\" width=\"555\" data-init-width=\"640\" height=\"404\" data-init-height=\"466\" title=\"infographic-2895154_640 (1)\" src=\"https:\/\/propulsetonentreprise.com\/staging\/wp-content\/uploads\/2025\/02\/infographic-2895154_640-1.png\" data-width=\"555\" data-height=\"404\" style=\"aspect-ratio: auto 640 \/ 466;\" loading=\"lazy\"><\/span><\/p>\n<h6 style=\"text-align: center;\">1.<\/h6>\n<p style=\"\">Validation du potentiel de croissance.<\/p>\n<h6 style=\"\">2.<\/h6>\n<p style=\"\">Valorisation de l\u2019entreprise dans la situation actuelle.<\/p>\n<h6 style=\"\">3.<\/h6>\n<p style=\"\">Sc\u00e9nario d\u2019investissement en industrie, technologie, et relations. Valorisation de l\u2019entreprise dans un horizon de 12 \u00e0 18 mois.<\/p>\n<blockquote style=\"\"><p>Valorisation de l\u2019apport d\u2019ITR \u00e0 la vale<span style=\"--tcb-text-highlight-color: rgba(239, 243, 251, 0) !important;\">\u200b<\/span>ur de l\u2019entreprise apr\u00e8s 18 mois.&nbsp;<\/p><\/blockquote>\n<h6 style=\"text-align: center;\">4.<\/h6>\n<p style=\"\">Int\u00e9gration de l\u2019\u00e9quipe de direction dans le programme acc\u00e9l\u00e8re.<\/p>\n<h6 style=\"\">5.<\/h6>\n<p style=\"\">Ex\u00e9cuter le plan.&nbsp;<\/p>\n<h6 style=\"\">6.<\/h6>\n<p style=\"\">Au terme de l\u2019\u00e9x\u00e9cution du plan de croissance. L\u2019entreprise lib\u00e8re les actions en fonction de l\u2019augmentation de valeur.&nbsp;<\/p>\n<p><span><img decoding=\"async\" alt=\"\" data-id=\"1656\" width=\"210\" height=\"148\" title=\"hand-895588_640\" src=\"https:\/\/propulsetonentreprise.com\/staging\/wp-content\/uploads\/2025\/02\/hand-895588_640-300x211.jpg\" data-src=\"https:\/\/propulsetonentreprise.com\/staging\/wp-content\/uploads\/2025\/02\/hand-895588_640.jpg\" data-sizes=\"{&quot;thumbnail&quot;:{&quot;height&quot;:150,&quot;width&quot;:150,&quot;url&quot;:&quot;https:\/\/propulsetonentreprise.com\/staging\/wp-content\/uploads\/2025\/02\/hand-895588_640-150x150.jpg&quot;,&quot;orientation&quot;:&quot;landscape&quot;},&quot;medium&quot;:{&quot;height&quot;:211,&quot;width&quot;:300,&quot;url&quot;:&quot;https:\/\/propulsetonentreprise.com\/staging\/wp-content\/uploads\/2025\/02\/hand-895588_640-300x211.jpg&quot;,&quot;orientation&quot;:&quot;landscape&quot;},&quot;full&quot;:{&quot;url&quot;:&quot;https:\/\/propulsetonentreprise.com\/staging\/wp-content\/uploads\/2025\/02\/hand-895588_640.jpg&quot;,&quot;height&quot;:451,&quot;width&quot;:640,&quot;orientation&quot;:&quot;landscape&quot;},&quot;cmplz_banner_image&quot;:{&quot;height&quot;:100,&quot;width&quot;:350,&quot;url&quot;:&quot;https:\/\/propulsetonentreprise.com\/staging\/wp-content\/uploads\/2025\/02\/hand-895588_640-350x100.jpg&quot;,&quot;orientation&quot;:&quot;landscape&quot;}}\" style=\"aspect-ratio: auto 640 \/ 451;\" data-width=\"210\" data-height=\"148\" data-init-width=\"640\" data-init-height=\"451\" loading=\"lazy\"><span style=\"\"><\/span><\/span><span><img decoding=\"async\" alt=\"\" data-id=\"1657\" width=\"640\" height=\"512\" title=\"growth-1953662_640\" src=\"https:\/\/propulsetonentreprise.com\/staging\/wp-content\/uploads\/2025\/02\/growth-1953662_640-300x240.jpg\" data-src=\"https:\/\/propulsetonentreprise.com\/staging\/wp-content\/uploads\/2025\/02\/growth-1953662_640.jpg\" data-sizes=\"{&quot;thumbnail&quot;:{&quot;height&quot;:150,&quot;width&quot;:150,&quot;url&quot;:&quot;https:\/\/propulsetonentreprise.com\/staging\/wp-content\/uploads\/2025\/02\/growth-1953662_640-150x150.jpg&quot;,&quot;orientation&quot;:&quot;landscape&quot;},&quot;medium&quot;:{&quot;height&quot;:240,&quot;width&quot;:300,&quot;url&quot;:&quot;https:\/\/propulsetonentreprise.com\/staging\/wp-content\/uploads\/2025\/02\/growth-1953662_640-300x240.jpg&quot;,&quot;orientation&quot;:&quot;landscape&quot;},&quot;full&quot;:{&quot;url&quot;:&quot;https:\/\/propulsetonentreprise.com\/staging\/wp-content\/uploads\/2025\/02\/growth-1953662_640.jpg&quot;,&quot;height&quot;:512,&quot;width&quot;:640,&quot;orientation&quot;:&quot;landscape&quot;},&quot;cmplz_banner_image&quot;:{&quot;height&quot;:100,&quot;width&quot;:350,&quot;url&quot;:&quot;https:\/\/propulsetonentreprise.com\/staging\/wp-content\/uploads\/2025\/02\/growth-1953662_640-350x100.jpg&quot;,&quot;orientation&quot;:&quot;landscape&quot;}}\" style=\"\" loading=\"lazy\"><span style=\"\"><\/span><\/span><span><img decoding=\"async\" alt=\"\" data-id=\"1658\" width=\"640\" height=\"427\" title=\"growth-hacking-7100798_640\" src=\"https:\/\/propulsetonentreprise.com\/staging\/wp-content\/uploads\/2025\/02\/growth-hacking-7100798_640-300x200.jpg\" data-src=\"https:\/\/propulsetonentreprise.com\/staging\/wp-content\/uploads\/2025\/02\/growth-hacking-7100798_640.jpg\" data-sizes=\"{&quot;thumbnail&quot;:{&quot;height&quot;:150,&quot;width&quot;:150,&quot;url&quot;:&quot;https:\/\/propulsetonentreprise.com\/staging\/wp-content\/uploads\/2025\/02\/growth-hacking-7100798_640-150x150.jpg&quot;,&quot;orientation&quot;:&quot;landscape&quot;},&quot;medium&quot;:{&quot;height&quot;:200,&quot;width&quot;:300,&quot;url&quot;:&quot;https:\/\/propulsetonentreprise.com\/staging\/wp-content\/uploads\/2025\/02\/growth-hacking-7100798_640-300x200.jpg&quot;,&quot;orientation&quot;:&quot;landscape&quot;},&quot;full&quot;:{&quot;url&quot;:&quot;https:\/\/propulsetonentreprise.com\/staging\/wp-content\/uploads\/2025\/02\/growth-hacking-7100798_640.jpg&quot;,&quot;height&quot;:427,&quot;width&quot;:640,&quot;orientation&quot;:&quot;landscape&quot;},&quot;cmplz_banner_image&quot;:{&quot;height&quot;:100,&quot;width&quot;:350,&quot;url&quot;:&quot;https:\/\/propulsetonentreprise.com\/staging\/wp-content\/uploads\/2025\/02\/growth-hacking-7100798_640-350x100.jpg&quot;,&quot;orientation&quot;:&quot;landscape&quot;}}\" style=\"\" loading=\"lazy\"><span style=\"\"><\/span><\/span><span><img decoding=\"async\" alt=\"\" data-id=\"1659\" width=\"640\" height=\"427\" title=\"computer-767776_640\" src=\"https:\/\/propulsetonentreprise.com\/staging\/wp-content\/uploads\/2025\/02\/computer-767776_640-300x200.jpg\" data-src=\"https:\/\/propulsetonentreprise.com\/staging\/wp-content\/uploads\/2025\/02\/computer-767776_640.jpg\" data-sizes=\"{&quot;thumbnail&quot;:{&quot;height&quot;:150,&quot;width&quot;:150,&quot;url&quot;:&quot;https:\/\/propulsetonentreprise.com\/staging\/wp-content\/uploads\/2025\/02\/computer-767776_640-150x150.jpg&quot;,&quot;orientation&quot;:&quot;landscape&quot;},&quot;medium&quot;:{&quot;height&quot;:200,&quot;width&quot;:300,&quot;url&quot;:&quot;https:\/\/propulsetonentreprise.com\/staging\/wp-content\/uploads\/2025\/02\/computer-767776_640-300x200.jpg&quot;,&quot;orientation&quot;:&quot;landscape&quot;},&quot;full&quot;:{&quot;url&quot;:&quot;https:\/\/propulsetonentreprise.com\/staging\/wp-content\/uploads\/2025\/02\/computer-767776_640.jpg&quot;,&quot;height&quot;:427,&quot;width&quot;:640,&quot;orientation&quot;:&quot;landscape&quot;},&quot;cmplz_banner_image&quot;:{&quot;height&quot;:100,&quot;width&quot;:350,&quot;url&quot;:&quot;https:\/\/propulsetonentreprise.com\/staging\/wp-content\/uploads\/2025\/02\/computer-767776_640-350x100.jpg&quot;,&quot;orientation&quot;:&quot;landscape&quot;}}\" style=\"\" loading=\"lazy\"><span style=\"\"><\/span><\/span><\/p>\n<h1 style=\"\">Dans quel type d\u2019entreprise investissez-vous?<\/h1>\n<p style=\"\">Outre les 3 conditions mentionn\u00e9es plus haut, nous investissons dans de petites entreprise dont le CA est compris entre 500 000$ et 2,5 M$ qui ont d\u00e9montr\u00e9 la capacit\u00e9 \u00e0 \u00eatre rentable.<\/p>\n<p style=\"\">Ces entreprises doivent avoir en interne les ressources pour doubler leur chiffre d\u2019affaires dans les 12 \u00e0 18 prochains mois. Prenez rendez-vous avec un de nos strat\u00e8ge pour valider que c\u2019est bien le cas.<\/p>\n<h1 style=\"text-align: center;\">L\u2019entrepreneur \u00e0 alors 3 possibilit\u00e9s.<\/h1>\n<p><span><img decoding=\"async\" alt=\"\" data-id=\"1665\" title=\"34900339_8221829\" src=\"https:\/\/propulsetonentreprise.com\/staging\/wp-content\/uploads\/2025\/02\/34900339_8221829.svg\" data-link-wrap=\"true\" data-width=\"96\" data-height=\"96\" style=\"\" height=\"96\" width=\"96\" loading=\"lazy\"><\/span><\/p>\n<h6 style=\"\">Racheter notre participation.<\/h6>\n<p><span><img decoding=\"async\" alt=\"\" data-id=\"1667\" title=\"11668440_20943572\" src=\"https:\/\/propulsetonentreprise.com\/staging\/wp-content\/uploads\/2025\/02\/11668440_20943572.svg\" data-link-wrap=\"true\" data-width=\"96\" data-height=\"96\" style=\"\" height=\"96\" width=\"96\" loading=\"lazy\"><\/span><\/p>\n<h6 style=\"\">Nous conserver comme actionnaire minoritaire.<\/h6>\n<p><span><a href=\"https:\/\/propulsetonentreprise.com\/staging\/wp-content\/uploads\/2025\/02\/34900339_8221829.svg\"><img decoding=\"async\" alt=\"\" data-id=\"1666\" title=\"7119381_3401106\" src=\"https:\/\/propulsetonentreprise.com\/staging\/wp-content\/uploads\/2025\/02\/7119381_3401106.svg\" data-link-wrap=\"true\" data-width=\"96\" data-height=\"96\" style=\"\" height=\"96\" width=\"96\" loading=\"lazy\"><\/a><\/span><\/p>\n<h6 style=\"\">Vendre l\u2019entreprise<\/h6>\n<h1 style=\"text-align: center;\">Vendre l\u2019entreprise Pour qui?<\/h1>\n<p style=\"text-align: center;\">Les propri\u00e9taires de petites entreprise qui souhaitent l\u2019aide direct de professionnels du marketing et de la finance sans gr\u00e8ver leur cashflow sur une agence couteuse et qui ne garantit pas la performance. Comme notre r\u00e9mun\u00e9ration est fond\u00e9e \u00e0 95% sur la valeur que nous t\u2019aidons \u00e0 d\u00e9velopper, seulement une fois que tu as cette valeur en main tu r\u00e9duit ton risque.<\/p>\n<h6 style=\"\">Pour \u00eatre accepter dans ce programme tu dois satisfaire aux conditions suivantes.<\/h6>\n<ul>\n<li style=\"\"><span style=\"\">Ma\u00eetriser ton activit\u00e9.<\/span><\/li>\n<li style=\"\"><span style=\"\">\u00catre rentable.<\/span><\/li>\n<li style=\"\"><span style=\"\">Avoir la capacit\u00e9 logistique de doubler ton chiffre d\u2019affaires dans les 12 \u00e0 18 prochaines mois.<\/span><\/li>\n<li style=\"\"><span style=\"\">Faire plus de 200 000$ de revenus annuels, pr\u00e9f\u00e9rablement 500 000.<\/span><\/li>\n<li style=\"\"><span style=\"\">\u00catre pr\u00eat a participer \u00e0 la formation acc\u00e9l\u00e8re.<\/span><\/li>\n<li style=\"\"><span style=\"\">Prend rendez-vous avec l\u2019un de nos experts en croissance.<\/span><\/li>\n<\/ul>\n","protected":false},"excerpt":{"rendered":"<p>Partenaire de croissance Nos services en bref La philosophie d\u2019investissement d\u2019ITR Capital se fonde sur une id\u00e9e toute simple. Celle que l\u2019humain, les id\u00e9es et l\u2019entreprise ont g\u00e9n\u00e9ralement tout ce dont ils ont besoin pour cro\u00eetre sans apport financier ext\u00e9rieur. Nous investissons dans 3 choses: \u00e9quipe Une \u00e9quipe de direction d\u00e9vou\u00e9e, comp\u00e9tente et align\u00e9e, compos\u00e9e [&hellip;]<\/p>\n","protected":false},"author":1,"featured_media":0,"parent":0,"menu_order":0,"comment_status":"closed","ping_status":"closed","template":"","meta":{"footnotes":""},"class_list":["post-678","page","type-page","status-publish","hentry","post-wrapper","thrv_wrapper"],"_links":{"self":[{"href":"https:\/\/propulsetonentreprise.com\/staging\/wp-json\/wp\/v2\/pages\/678","targetHints":{"allow":["GET"]}}],"collection":[{"href":"https:\/\/propulsetonentreprise.com\/staging\/wp-json\/wp\/v2\/pages"}],"about":[{"href":"https:\/\/propulsetonentreprise.com\/staging\/wp-json\/wp\/v2\/types\/page"}],"author":[{"embeddable":true,"href":"https:\/\/propulsetonentreprise.com\/staging\/wp-json\/wp\/v2\/users\/1"}],"replies":[{"embeddable":true,"href":"https:\/\/propulsetonentreprise.com\/staging\/wp-json\/wp\/v2\/comments?post=678"}],"version-history":[{"count":51,"href":"https:\/\/propulsetonentreprise.com\/staging\/wp-json\/wp\/v2\/pages\/678\/revisions"}],"predecessor-version":[{"id":2523,"href":"https:\/\/propulsetonentreprise.com\/staging\/wp-json\/wp\/v2\/pages\/678\/revisions\/2523"}],"wp:attachment":[{"href":"https:\/\/propulsetonentreprise.com\/staging\/wp-json\/wp\/v2\/media?parent=678"}],"curies":[{"name":"wp","href":"https:\/\/api.w.org\/{rel}","templated":true}]}}